{"id":139,"date":"2015-06-18T20:30:04","date_gmt":"2015-06-18T20:30:04","guid":{"rendered":"http:\/\/entwicklung.waldorfkindergarten-feuerbach.de\/?page_id=139"},"modified":"2025-10-02T20:29:10","modified_gmt":"2025-10-02T20:29:10","slug":"leitbild","status":"publish","type":"page","link":"https:\/\/waldorfkindergarten-feuerbach.de\/?page_id=139","title":{"rendered":"Leitbild"},"content":{"rendered":"<p><span style=\"color: #7d0606;\">Leitbild<\/span> \u00a0<\/p>\n<p>Die Kindheit in ihrer Einmaligkeit und Sch\u00f6nheit zu sch\u00fctzen, zu pflegen und zu begleiten sehen wir als unsere wichtigste Aufgabe an.<\/p>\n<p>Wir sehen die ersten Lebensjahre eines Kindes als die Zeit an, in der es sich, indem es sich aktiv mit seiner Umwelt auseinandersetzt, ein eigenes Weltbild erschafft. Die ersten Lebensjahre bilden die Basis, auf der das ganze sp\u00e4tere Leben aufbaut. Wir wollen Wegbegleiter sein f\u00fcr diese so wichtigen Jahre, Beziehung anbieten und pflegen, Entwicklungsraum schaffen und die Umgebung gestalten \u2013 Betreuung, Bildung, Erziehung und Schutzraum erm\u00f6glichen.<\/p>\n<p>Mit der N\u00e4he zur Natur und ihren Rhythmen, wollen wir eine Wertsch\u00e4tzung und den sorgsamen Umgang mit der Umwelt und den Mitmenschen vorleben.<\/p>\n<p>Wir streben danach, jedes einzelne Kind als individuelle Pers\u00f6nlichkeit zu achten, zu respektieren und ihm Raum und Zeit f\u00fcr seine freie und selbstbestimmte Entwicklung zu erm\u00f6glichen und seine eigenen F\u00e4higkeiten entfalten zu k\u00f6nnen.<\/p>\n<p>In den Kindergartenalltag hineinzuwachsen, sich als Teil der Gemeinschaft erleben k\u00f6nnen, ein soziales Miteinander entwickeln, um sp\u00e4ter verantwortungsbewusst den weiteren Lebensweg beschreiten zu k\u00f6nnen, sehen wir als Prozess, den wir in der gesamten Kindergartenzeit eines Kindes begleiten wollen.<\/p>\n<p>Der P\u00e4dagogik in unserem Waldorfkindergarten liegt die von Rudolf Steiner begr\u00fcndete anthroposophische Menschenkunde zu Grunde.<\/p>\n<p>F\u00fcr die Familien, die in unseren Kindergarten kommen, wollen wir ein Ort der Begegnung, des Austauschs, der Entschleunigung und des lebendigen Miteinanders sein.<\/p>\n<p>Unser Kindergarten wird in Selbstverwaltung vom Verein Waldorfkindergarten Feuerbach e.V. getragen.<br \/><br \/><\/p>\n<p>\u00a0<\/p>\n<p>Hier finden Sie weitere Informationen zur Waldorfp\u00e4dagogik: <br \/>https:\/\/www.waldorfkindergarten-bw.de\/waldorfpaedagogik<\/p>\n<p>Hier finden Sie weitere Details zur Waldorferzieherausbildung: <br \/>https:\/\/www.waldorfkindergarten-bw.de\/ausbildung<\/p>\n<p style=\"text-align: right;\">\u00a0<\/p>\n\n\n<!--more-->\n","protected":false},"excerpt":{"rendered":"<p>Leitbild \u00a0 Die Kindheit in ihrer Einmaligkeit und Sch\u00f6nheit zu sch\u00fctzen, zu pflegen und zu begleiten sehen wir als unsere wichtigste Aufgabe an. Wir sehen die ersten Lebensjahre eines Kindes als die Zeit an, in der es sich, indem es&hellip; <\/p>\n","protected":false},"author":1,"featured_media":0,"parent":0,"menu_order":3,"comment_status":"closed","ping_status":"closed","template":"","meta":{"footnotes":""},"class_list":["post-139","page","type-page","status-publish","hentry"],"_links":{"self":[{"href":"https:\/\/waldorfkindergarten-feuerbach.de\/index.php?rest_route=\/wp\/v2\/pages\/139","targetHints":{"allow":["GET"]}}],"collection":[{"href":"https:\/\/waldorfkindergarten-feuerbach.de\/index.php?rest_route=\/wp\/v2\/pages"}],"about":[{"href":"https:\/\/waldorfkindergarten-feuerbach.de\/index.php?rest_route=\/wp\/v2\/types\/page"}],"author":[{"embeddable":true,"href":"https:\/\/waldorfkindergarten-feuerbach.de\/index.php?rest_route=\/wp\/v2\/users\/1"}],"replies":[{"embeddable":true,"href":"https:\/\/waldorfkindergarten-feuerbach.de\/index.php?rest_route=%2Fwp%2Fv2%2Fcomments&post=139"}],"version-history":[{"count":45,"href":"https:\/\/waldorfkindergarten-feuerbach.de\/index.php?rest_route=\/wp\/v2\/pages\/139\/revisions"}],"predecessor-version":[{"id":541,"href":"https:\/\/waldorfkindergarten-feuerbach.de\/index.php?rest_route=\/wp\/v2\/pages\/139\/revisions\/541"}],"wp:attachment":[{"href":"https:\/\/waldorfkindergarten-feuerbach.de\/index.php?rest_route=%2Fwp%2Fv2%2Fmedia&parent=139"}],"curies":[{"name":"wp","href":"https:\/\/api.w.org\/{rel}","templated":true}]}}