{"id":127,"date":"2015-06-18T19:24:30","date_gmt":"2015-06-18T19:24:30","guid":{"rendered":"http:\/\/entwicklung.waldorfkindergarten-feuerbach.de\/?page_id=127"},"modified":"2019-07-07T20:47:54","modified_gmt":"2019-07-07T20:47:54","slug":"lage","status":"publish","type":"page","link":"https:\/\/waldorfkindergarten-feuerbach.de\/?page_id=127","title":{"rendered":"Lage"},"content":{"rendered":"<p>Unser Kindergarten liegt idyllisch im Dorf Feuerbach, das zur Stadt Kandern geh\u00f6rt.<\/p>\n<p>Eingebettet im Tal zwischen Streuobstwiesen, Weiden, W\u00e4ldern und Weinreben.<\/p>\n<p><a href=\"https:\/\/waldorfkindergarten-feuerbach.de\/wp-content\/uploads\/2015\/06\/07-07-_2019_22-41-12.jpg\"><img loading=\"lazy\" decoding=\"async\" class=\"alignnone  wp-image-370\" src=\"https:\/\/waldorfkindergarten-feuerbach.de\/wp-content\/uploads\/2015\/06\/07-07-_2019_22-41-12-1024x562.jpg\" alt=\"07-07-_2019_22-41-12\" width=\"622\" height=\"341\" srcset=\"https:\/\/waldorfkindergarten-feuerbach.de\/wp-content\/uploads\/2015\/06\/07-07-_2019_22-41-12-1024x562.jpg 1024w, https:\/\/waldorfkindergarten-feuerbach.de\/wp-content\/uploads\/2015\/06\/07-07-_2019_22-41-12-300x165.jpg 300w, https:\/\/waldorfkindergarten-feuerbach.de\/wp-content\/uploads\/2015\/06\/07-07-_2019_22-41-12-600x330.jpg 600w, https:\/\/waldorfkindergarten-feuerbach.de\/wp-content\/uploads\/2015\/06\/07-07-_2019_22-41-12.jpg 1310w\" sizes=\"auto, (max-width: 622px) 100vw, 622px\" \/><\/a><\/p>\n<p><a href=\"https:\/\/waldorfkindergarten-feuerbach.de\/wp-content\/uploads\/2015\/06\/07-07-_2019_22-43-48.jpg\"><img loading=\"lazy\" decoding=\"async\" class=\"alignnone  wp-image-369\" src=\"https:\/\/waldorfkindergarten-feuerbach.de\/wp-content\/uploads\/2015\/06\/07-07-_2019_22-43-48-1024x642.jpg\" alt=\"07-07-_2019_22-43-48\" width=\"623\" height=\"391\" srcset=\"https:\/\/waldorfkindergarten-feuerbach.de\/wp-content\/uploads\/2015\/06\/07-07-_2019_22-43-48-1024x642.jpg 1024w, https:\/\/waldorfkindergarten-feuerbach.de\/wp-content\/uploads\/2015\/06\/07-07-_2019_22-43-48-300x188.jpg 300w, https:\/\/waldorfkindergarten-feuerbach.de\/wp-content\/uploads\/2015\/06\/07-07-_2019_22-43-48.jpg 1269w\" sizes=\"auto, (max-width: 623px) 100vw, 623px\" \/><\/a><\/p>\n<p>&nbsp;<br \/>\n<strong>Unser Garten<\/strong><\/p>\n<p>In unserem sch\u00f6nen, weitl\u00e4ufigen Garten, den ein kleiner Bach durchflie\u00dft, befinden sich Sandk\u00e4sten, Schaukeln, ein Spielh\u00e4uschen und ein Weidenhaus, Kletterb\u00e4ume, eine Steinterrasse, Laufwege, Wiesen und Blumenbeete.<\/p>\n<p>Es gibt viele M\u00f6glichkeiten, die Natur zu erleben, sich zu bewegen und auszuprobieren.<\/p>\n<p>Alles l\u00e4dt zum Spielen und Entdecken ein.<\/p>\n","protected":false},"excerpt":{"rendered":"<p>Unser Kindergarten liegt idyllisch im Dorf Feuerbach, das zur Stadt Kandern geh\u00f6rt. Eingebettet im Tal zwischen Streuobstwiesen, Weiden, W\u00e4ldern und Weinreben. &nbsp; Unser Garten In unserem sch\u00f6nen, weitl\u00e4ufigen Garten, den ein kleiner Bach durchflie\u00dft, befinden sich Sandk\u00e4sten, Schaukeln, ein Spielh\u00e4uschen&hellip; <\/p>\n","protected":false},"author":1,"featured_media":0,"parent":0,"menu_order":4,"comment_status":"closed","ping_status":"closed","template":"","meta":{"footnotes":""},"class_list":["post-127","page","type-page","status-publish","hentry"],"_links":{"self":[{"href":"https:\/\/waldorfkindergarten-feuerbach.de\/index.php?rest_route=\/wp\/v2\/pages\/127","targetHints":{"allow":["GET"]}}],"collection":[{"href":"https:\/\/waldorfkindergarten-feuerbach.de\/index.php?rest_route=\/wp\/v2\/pages"}],"about":[{"href":"https:\/\/waldorfkindergarten-feuerbach.de\/index.php?rest_route=\/wp\/v2\/types\/page"}],"author":[{"embeddable":true,"href":"https:\/\/waldorfkindergarten-feuerbach.de\/index.php?rest_route=\/wp\/v2\/users\/1"}],"replies":[{"embeddable":true,"href":"https:\/\/waldorfkindergarten-feuerbach.de\/index.php?rest_route=%2Fwp%2Fv2%2Fcomments&post=127"}],"version-history":[{"count":6,"href":"https:\/\/waldorfkindergarten-feuerbach.de\/index.php?rest_route=\/wp\/v2\/pages\/127\/revisions"}],"predecessor-version":[{"id":372,"href":"https:\/\/waldorfkindergarten-feuerbach.de\/index.php?rest_route=\/wp\/v2\/pages\/127\/revisions\/372"}],"wp:attachment":[{"href":"https:\/\/waldorfkindergarten-feuerbach.de\/index.php?rest_route=%2Fwp%2Fv2%2Fmedia&parent=127"}],"curies":[{"name":"wp","href":"https:\/\/api.w.org\/{rel}","templated":true}]}}