{"id":116,"date":"2015-06-18T18:18:48","date_gmt":"2015-06-18T18:18:48","guid":{"rendered":"http:\/\/entwicklung.waldorfkindergarten-feuerbach.de\/?page_id=116"},"modified":"2015-07-22T18:16:28","modified_gmt":"2015-07-22T18:16:28","slug":"historie","status":"publish","type":"page","link":"https:\/\/waldorfkindergarten-feuerbach.de\/?page_id=116","title":{"rendered":"Historie"},"content":{"rendered":"<p><strong>Chronik:<\/strong><\/p>\n<p><strong>1987 <\/strong>Gr\u00fcndung des Vereins. Eine Spielgruppe in Feuerbach, mit dem Ziel, alsbald einen\u00a0\u00a0\u00a0\u00a0\u00a0\u00a0\u00a0\u00a0 Waldorfkindergarten zu gr\u00fcnden.<\/p>\n<p><strong>1994<\/strong> Beschluss in Mitgliederversammlung, am Bauvorhaben eines privaten Bautr\u00e4gers, Herrn Sieghard B\u00f6hm, am Bach 8 \/ heute B\u00fcrglerstr. 2, tatkr\u00e4ftig mitzuwirken.<\/p>\n<p><strong>1995 <\/strong>Genehmigung von geringen Zusch\u00fcssen durch Stadt Kandern und Sammlung von Spenden f\u00fcr den Bau.<\/p>\n<p><strong>1996 <\/strong>Innenausbau des Rohbaus durch Eltern, Planung und Herstellung der Einrichtung unter der Mithilfe der Kinderg\u00e4rtnerin.<\/p>\n<p><strong>Juni 1996<\/strong> Umzug in die gemieteten R\u00e4ume mit 16 Kindern. Staatliche Anerkennung als Kindergarten. Bis zu 24 Kinder zwischen 3 bis 6 Jahren wurden in dieser Gruppe betreut.<\/p>\n<p><strong>Juni 1998<\/strong> Vereinsname: Waldorfkindergarten Edith B\u00f6hm<\/p>\n<p><strong>2002 <\/strong>Namens\u00e4nderung: Waldorfkindergarten Feuerbach e.V.<\/p>\n<p><strong>2010 <\/strong>\u00c4nderung der Betriebsgenehmigung, jetzt altersgemischte Gruppe von 2 Jahren bis Schuleintritt.<\/p>\n","protected":false},"excerpt":{"rendered":"<p>Chronik: 1987 Gr\u00fcndung des Vereins. Eine Spielgruppe in Feuerbach, mit dem Ziel, alsbald einen\u00a0\u00a0\u00a0\u00a0\u00a0\u00a0\u00a0\u00a0 Waldorfkindergarten zu gr\u00fcnden. 1994 Beschluss in Mitgliederversammlung, am Bauvorhaben eines privaten Bautr\u00e4gers, Herrn Sieghard B\u00f6hm, am Bach 8 \/ heute B\u00fcrglerstr. 2, tatkr\u00e4ftig mitzuwirken. 1995 Genehmigung&hellip; <\/p>\n","protected":false},"author":1,"featured_media":0,"parent":0,"menu_order":5,"comment_status":"closed","ping_status":"closed","template":"","meta":{"footnotes":""},"class_list":["post-116","page","type-page","status-publish","hentry"],"_links":{"self":[{"href":"https:\/\/waldorfkindergarten-feuerbach.de\/index.php?rest_route=\/wp\/v2\/pages\/116","targetHints":{"allow":["GET"]}}],"collection":[{"href":"https:\/\/waldorfkindergarten-feuerbach.de\/index.php?rest_route=\/wp\/v2\/pages"}],"about":[{"href":"https:\/\/waldorfkindergarten-feuerbach.de\/index.php?rest_route=\/wp\/v2\/types\/page"}],"author":[{"embeddable":true,"href":"https:\/\/waldorfkindergarten-feuerbach.de\/index.php?rest_route=\/wp\/v2\/users\/1"}],"replies":[{"embeddable":true,"href":"https:\/\/waldorfkindergarten-feuerbach.de\/index.php?rest_route=%2Fwp%2Fv2%2Fcomments&post=116"}],"version-history":[{"count":6,"href":"https:\/\/waldorfkindergarten-feuerbach.de\/index.php?rest_route=\/wp\/v2\/pages\/116\/revisions"}],"predecessor-version":[{"id":303,"href":"https:\/\/waldorfkindergarten-feuerbach.de\/index.php?rest_route=\/wp\/v2\/pages\/116\/revisions\/303"}],"wp:attachment":[{"href":"https:\/\/waldorfkindergarten-feuerbach.de\/index.php?rest_route=%2Fwp%2Fv2%2Fmedia&parent=116"}],"curies":[{"name":"wp","href":"https:\/\/api.w.org\/{rel}","templated":true}]}}